{"id":106,"date":"2023-04-02T00:39:47","date_gmt":"2023-04-02T00:39:47","guid":{"rendered":"https:\/\/upra.si\/?page_id=106"},"modified":"2024-03-01T14:00:55","modified_gmt":"2024-03-01T14:00:55","slug":"o-nas","status":"publish","type":"page","link":"https:\/\/upra.si\/?page_id=106","title":{"rendered":"O nas"},"content":{"rendered":"Podjetje Upravljanje Ba\u010dkonja je podjetje s tradicijo, saj \u017ee ve\u010d kot 30 let\nskrbimo za upravljanje ve\u010dstanovanjskih hi\u0161 v Postojni in Se\u017eani. Od leta 2019\n\u0161irimo svojo aktivnost \u0161e v druge regije po Sloveniji.\n\n<!-- \/wp:post-content -->\n\n<!-- wp:paragraph -->\n\nPred \u0161tirimi leti je upravljanje podjetja prevzela nova, mlaj\u0161a generacija s\nkatero vam zagotavljamo\u00a0 kvalitetno upravljanje in skrb za va\u0161o\nnepremi\u010dnino \u0161e nadaljnjih 30 let.\n\n<!-- \/wp:paragraph -->\n\n<!-- wp:paragraph -->\n\nZagotavljamo vam, da bomo nadaljevali na\u0161o tradicijo skrbnega gospodarja in\nskrbeli, da bo va\u0161a nepremi\u010dnina, va\u0161a investicija, dele\u017ena samo najbolj\u0161e\noskrbe.\n\n&nbsp;\n\n<!-- \/wp:paragraph -->\n\n<!-- wp:paragraph -->\n\nMiha Trs, direktor.\n\n<!-- \/wp:paragraph -->\n\n<!-- wp:paragraph \/-->","protected":false},"excerpt":{"rendered":"<p>Podjetje Upravljanje Ba\u010dkonja je podjetje s tradicijo, saj \u017ee ve\u010d kot 30 let skrbimo za upravljanje ve\u010dstanovanjskih hi\u0161 v Postojni in Se\u017eani. Od leta 2019 \u0161irimo svojo aktivnost \u0161e v druge regije po Sloveniji. Pred \u0161tirimi leti je upravljanje podjetja prevzela nova, mlaj\u0161a generacija s katero vam zagotavljamo\u00a0 kvalitetno upravljanje&#8230;<\/p>\n","protected":false},"author":1,"featured_media":0,"parent":0,"menu_order":2,"comment_status":"closed","ping_status":"closed","template":"","meta":{"footnotes":""},"class_list":["post-106","page","type-page","status-publish","hentry"],"_links":{"self":[{"href":"https:\/\/upra.si\/index.php?rest_route=\/wp\/v2\/pages\/106","targetHints":{"allow":["GET"]}}],"collection":[{"href":"https:\/\/upra.si\/index.php?rest_route=\/wp\/v2\/pages"}],"about":[{"href":"https:\/\/upra.si\/index.php?rest_route=\/wp\/v2\/types\/page"}],"author":[{"embeddable":true,"href":"https:\/\/upra.si\/index.php?rest_route=\/wp\/v2\/users\/1"}],"replies":[{"embeddable":true,"href":"https:\/\/upra.si\/index.php?rest_route=%2Fwp%2Fv2%2Fcomments&post=106"}],"version-history":[{"count":3,"href":"https:\/\/upra.si\/index.php?rest_route=\/wp\/v2\/pages\/106\/revisions"}],"predecessor-version":[{"id":163,"href":"https:\/\/upra.si\/index.php?rest_route=\/wp\/v2\/pages\/106\/revisions\/163"}],"wp:attachment":[{"href":"https:\/\/upra.si\/index.php?rest_route=%2Fwp%2Fv2%2Fmedia&parent=106"}],"curies":[{"name":"wp","href":"https:\/\/api.w.org\/{rel}","templated":true}]}}