{"id":135,"date":"2023-04-02T09:31:21","date_gmt":"2023-04-02T09:31:21","guid":{"rendered":"https:\/\/upra.si\/?page_id=135"},"modified":"2023-04-02T10:33:13","modified_gmt":"2023-04-02T10:33:13","slug":"piskotki","status":"publish","type":"page","link":"https:\/\/upra.si\/?page_id=135","title":{"rendered":"Pi\u0161kotki"},"content":{"rendered":"\n<p>Pi\u0161kotki so majhne datoteke z besedilom, ki jih spletne strani uporabljajo zato, da so izku\u0161nje uporabnikov u\u010dinkovitej\u0161e. Gre pravzaprav za shranjevanje va\u0161ih nastavitev za spletno stran, kot je npr. naslov, izbira \u017eelenega jezika. Pi\u0161kotki torej omogo\u010dajo,&nbsp; da stran prika\u017ee informacije prilagojene va\u0161im potrebam. Informacija je lahko shranjena samo v primeru, \u010de to omogo\u010dite vi \u2013 spletne strani ne morejo pridobiti pristopa informacijam, \u010de ga vi niste odobrili, prav tako ne morejo pristopiti drugim datotekam na va\u0161em ra\u010dunalniku ali mobilni napravi.<\/p>\n\n\n\n<p>Ta stran uporablja razli\u010dne vrste pi\u0161kotkov. Za zagotavljanje delovanja vseh funkcij spletnega mesta se uporabljajo naslednji pi\u0161kotki (angl. cookies):<\/p>\n\n\n\n<p><strong>Nujno potrebni pi\u0161kotki<\/strong><\/p>\n\n\n\n<p>Omogo\u010dajo uporabo nujno potrebnih komponent za pravilno delovanje spletne strani. Brez teh pi\u0161kotov servisi, ki jih \u017eelite uporabljati na tej spletni strani, ne bi delovali pravilno (npr. prijava, nakupni proces, \u2026).<\/p>\n\n\n\n<p><strong>Analiti\u010dni pi\u0161kotki<\/strong><\/p>\n\n\n\n<p>Potrebujemo jih za spremljanje obiska in vedenje na spletnem mestu z namenom izbolj\u0161evanja uporabni\u0161ke izku\u0161nje. Na podlagi zbranih podatkov ni mogo\u010da identifikacija uporabnikov, zbrani podatki pa se uporabljajo izklju\u010dno za statisti\u010dne namene. To spletno mesto uporablja Google Analytics.<\/p>\n\n\n\n<p><strong>Tr\u017eni pi\u0161kotki<\/strong><\/p>\n\n\n\n<p>Ti pi\u0161kotki zbirajo podatke o va\u0161ih obiskih spletnih strani. Tovrstne pi\u0161kotke najpogosteje uporabljajo ogla\u0161evalska in dru\u017eabna omre\u017eja (tretje strani) z namenom, da vam prika\u017eejo bolj ciljane oglase, omejujejo ponavljanje oglasov ali merijo u\u010dinkovitost ogla\u0161evalskih akcij. Tovrstni pi\u0161kotki lahko omogo\u010dajo sledenje va\u0161im akcijam na spletu. Namen je prikazovanje oglasov, ki so primerni in zanimivi za posameznega uporabnika.<\/p>\n\n\n\n<p><em><strong>Tabela pi\u0161kotki<\/strong><\/em><\/p>\n\n\n\n<figure class=\"wp-block-table\"><table><tbody><tr><td>Ime pi\u0161kotka<\/td><td>Servis<\/td><td>Vrsta<\/td><td>Veljavnost<\/td><td>Opis<\/td><\/tr><tr><td><\/td><td>quickontrip.com<\/td><td>Zahtevani pi\u0161kotki<\/td><td>1 leto<\/td><td>Uporablja se za shranjevanje odlo\u010ditev uporabnika o pi\u0161kotkih. Veljavnost pi\u0161kotka je dolo\u010dena s strani uporabnika.<\/td><\/tr><tr><td><\/td><td>quickontrip.com<\/td><td>Zahtevani pi\u0161kotki<\/td><td><\/td><td><\/td><\/tr><tr><td>_ga<\/td><td>Google Analytics<\/td><td>Pi\u0161kotki za spremljanje statistike<\/td><td>2 leti<\/td><td>Opravi registracijo edinstvene identitete (ID), ki se uporabi pri ustvarjanju statisti\u010dnih podatkov o tem, kako obiskovalec uporablja spletno stran.<\/td><\/tr><tr><td>_gat<\/td><td>Google Analytics<\/td><td>Pi\u0161kotki za spremljanje statistike<\/td><td>Seja<\/td><td>Aplikacija Google Analytics uporablja pi\u0161kotek za uravnavanje \u0161tevila zahtevkov.<\/td><\/tr><tr><td>_gid<\/td><td>Google Analytics<\/td><td>Pi\u0161kotki za spremljanje statistike<\/td><td>Seja<\/td><td>Opravi registracijo edinstvene identitete (ID), ki se uporabi pri ustvarjanju statisti\u010dnih podatkov o tem, kako obiskovalec uporablja spletno stran.<\/td><\/tr><\/tbody><\/table><\/figure>\n\n\n\n<p><strong>Onemogo\u010denje pi\u0161kotkov<\/strong><\/p>\n\n\n\n<p>Ve\u010dina spletnih brskalnikov samodejno sprejme pi\u0161kotke. V nastavitvah brskalnika lahko pi\u0161kotke kadarkoli izklopite. Informacije o nastavitvah za pi\u0161kotke v posameznih brskalnikih so na voljo na spodnjih povezavah:<\/p>\n","protected":false},"excerpt":{"rendered":"<p>Pi\u0161kotki so majhne datoteke z besedilom, ki jih spletne strani uporabljajo zato, da so izku\u0161nje uporabnikov u\u010dinkovitej\u0161e. Gre pravzaprav za shranjevanje va\u0161ih nastavitev za spletno stran, kot je npr. naslov, izbira \u017eelenega jezika. Pi\u0161kotki torej omogo\u010dajo,&nbsp; da stran prika\u017ee informacije prilagojene va\u0161im potrebam. Informacija je lahko shranjena samo v primeru,&#8230;<\/p>\n","protected":false},"author":1,"featured_media":0,"parent":0,"menu_order":5,"comment_status":"closed","ping_status":"closed","template":"","meta":{"footnotes":""},"class_list":["post-135","page","type-page","status-publish","hentry"],"_links":{"self":[{"href":"https:\/\/upra.si\/index.php?rest_route=\/wp\/v2\/pages\/135","targetHints":{"allow":["GET"]}}],"collection":[{"href":"https:\/\/upra.si\/index.php?rest_route=\/wp\/v2\/pages"}],"about":[{"href":"https:\/\/upra.si\/index.php?rest_route=\/wp\/v2\/types\/page"}],"author":[{"embeddable":true,"href":"https:\/\/upra.si\/index.php?rest_route=\/wp\/v2\/users\/1"}],"replies":[{"embeddable":true,"href":"https:\/\/upra.si\/index.php?rest_route=%2Fwp%2Fv2%2Fcomments&post=135"}],"version-history":[{"count":1,"href":"https:\/\/upra.si\/index.php?rest_route=\/wp\/v2\/pages\/135\/revisions"}],"predecessor-version":[{"id":137,"href":"https:\/\/upra.si\/index.php?rest_route=\/wp\/v2\/pages\/135\/revisions\/137"}],"wp:attachment":[{"href":"https:\/\/upra.si\/index.php?rest_route=%2Fwp%2Fv2%2Fmedia&parent=135"}],"curies":[{"name":"wp","href":"https:\/\/api.w.org\/{rel}","templated":true}]}}